{"id":18,"date":"2025-08-04T11:41:17","date_gmt":"2025-08-04T09:41:17","guid":{"rendered":"https:\/\/anandaphne.fr\/?page_id=18"},"modified":"2025-08-04T11:41:17","modified_gmt":"2025-08-04T09:41:17","slug":"trouver-votre-equilibre","status":"publish","type":"page","link":"https:\/\/anandaphne.fr\/index.php\/trouver-votre-equilibre\/","title":{"rendered":"TROUVER VOTRE EQUILIBRE"},"content":{"rendered":"\n<p>Entre la vie professionnelle et familiale, nous avons trop souvent tendance \u00e0 nous oublier et \u00e0 ne pas nous \u00e9couter.<\/p>\n\n\n\n<p>Notre rythme de vie \u00e0 200 \u00e0 l\u2019heure et nos multiples activit\u00e9s emplissent notre quotidien. On multiplie les to do list au travail et \u00e0 la maison. Le stress, la fatigue, la d\u00e9pendance aux \u00e9crans diminuent notre capacit\u00e9 de concentration et favorisent l\u2019anxi\u00e9t\u00e9 et la d\u00e9pression.<\/p>\n\n\n\n<p>On veut toujours FAIRE, AVOIR, SE COMPARER.<\/p>\n\n\n\n<p>Mais quand avez-vous pris le temps de vous recentrer sur vous-m\u00eame, ce que vous ressentez, ce qui vous fait du bien&nbsp;?<\/p>\n\n\n\n<p>Juste d\u2019ETRE.<\/p>\n\n\n\n<p>Je vous propose de&nbsp;ralentir, de d\u00e9connecter, de prendre du temps pour vous pour trouver, retrouver ou pr\u00e9server votre \u00e9quilibre.<\/p>\n\n\n\n<p>Ananda signifie en sanskrit la joie c\u00e9leste et inconditionnelle. Chez les bouddhistes, Ananda signifie la f\u00e9licit\u00e9, l\u2019\u00e9tat de bonheur \u00e0 l\u2019\u00e9tat pur.<\/p>\n\n\n\n<p>Cette joie, ce bonheur sont accessibles \u00e0 tous en prenant soin de nous et en cultivant L\u2019INSTANT PRESENT.<\/p>\n\n\n\n<p>Apprendre \u00e0 sentir, \u00e0 prendre conscience de notre corps, de notre respiration, \u00e0 nous rel\u00e2cher pour se mettre en veille et faire le vide dans notre esprit.<\/p>\n\n\n\n<p>Ralentir, d\u00e9connecter pour mieux repartir&nbsp;: concentration, cr\u00e9ativit\u00e9, s\u00e9r\u00e9nit\u00e9<\/p>\n\n\n\n<p><\/p>\n","protected":false},"excerpt":{"rendered":"<p>Entre la vie professionnelle et familiale, nous avons trop souvent tendance \u00e0 nous oublier et \u00e0 ne pas nous \u00e9couter. Notre rythme de vie \u00e0 200 \u00e0 l\u2019heure et nos multiples activit\u00e9s emplissent notre quotidien. On multiplie les to do list au travail et \u00e0 la maison. Le stress, la fatigue, la d\u00e9pendance aux \u00e9crans [&hellip;]<\/p>\n","protected":false},"author":1,"featured_media":0,"parent":0,"menu_order":0,"comment_status":"closed","ping_status":"closed","template":"","meta":{"footnotes":""},"class_list":["post-18","page","type-page","status-publish","hentry"],"_links":{"self":[{"href":"https:\/\/anandaphne.fr\/index.php\/wp-json\/wp\/v2\/pages\/18","targetHints":{"allow":["GET"]}}],"collection":[{"href":"https:\/\/anandaphne.fr\/index.php\/wp-json\/wp\/v2\/pages"}],"about":[{"href":"https:\/\/anandaphne.fr\/index.php\/wp-json\/wp\/v2\/types\/page"}],"author":[{"embeddable":true,"href":"https:\/\/anandaphne.fr\/index.php\/wp-json\/wp\/v2\/users\/1"}],"replies":[{"embeddable":true,"href":"https:\/\/anandaphne.fr\/index.php\/wp-json\/wp\/v2\/comments?post=18"}],"version-history":[{"count":1,"href":"https:\/\/anandaphne.fr\/index.php\/wp-json\/wp\/v2\/pages\/18\/revisions"}],"predecessor-version":[{"id":19,"href":"https:\/\/anandaphne.fr\/index.php\/wp-json\/wp\/v2\/pages\/18\/revisions\/19"}],"wp:attachment":[{"href":"https:\/\/anandaphne.fr\/index.php\/wp-json\/wp\/v2\/media?parent=18"}],"curies":[{"name":"wp","href":"https:\/\/api.w.org\/{rel}","templated":true}]}}