{"id":16,"date":"2025-08-04T11:37:51","date_gmt":"2025-08-04T09:37:51","guid":{"rendered":"https:\/\/anandaphne.fr\/?page_id=16"},"modified":"2025-08-04T11:37:51","modified_gmt":"2025-08-04T09:37:51","slug":"qui-suis-je","status":"publish","type":"page","link":"https:\/\/anandaphne.fr\/index.php\/qui-suis-je\/","title":{"rendered":"Qui suis-je ?"},"content":{"rendered":"\n<p>Je m\u2019appelle Daphn\u00e9, je suis juriste et pratique le yoga depuis 20 ans.<\/p>\n\n\n\n<p>J\u2019ai commenc\u00e9 cette activit\u00e9 car je recherchais l\u2019apaisement et avais entendu dire que cela m\u2019aiderait \u00e0 me d\u00e9stresser.<\/p>\n\n\n\n<p>Je me suis d\u2019abord tourn\u00e9e vers le viny yoga mais au bout d\u2019une ann\u00e9e je me suis ennuy\u00e9e. Puis j\u2019ai d\u00e9couvert le HATHA yoga\u2026.<\/p>\n\n\n\n<p>D\u2019une simple activit\u00e9 d\u00e9tente, le yoga et la m\u00e9diation sont entr\u00e9s dans mon quotidien.<\/p>\n\n\n\n<p>La pratique r\u00e9guli\u00e8re du yoga m\u2019apporte de multiples bienfaits et m\u2019a aid\u00e9 un trouv\u00e9 mon \u00e9quilibre.<\/p>\n\n\n\n<p>Je souhaite aussi faire d\u00e9couvrir et partager cette passion.<\/p>\n\n\n\n<p><\/p>\n","protected":false},"excerpt":{"rendered":"<p>Je m\u2019appelle Daphn\u00e9, je suis juriste et pratique le yoga depuis 20 ans. J\u2019ai commenc\u00e9 cette activit\u00e9 car je recherchais l\u2019apaisement et avais entendu dire que cela m\u2019aiderait \u00e0 me d\u00e9stresser. Je me suis d\u2019abord tourn\u00e9e vers le viny yoga mais au bout d\u2019une ann\u00e9e je me suis ennuy\u00e9e. Puis j\u2019ai d\u00e9couvert le HATHA yoga\u2026. [&hellip;]<\/p>\n","protected":false},"author":1,"featured_media":0,"parent":0,"menu_order":0,"comment_status":"closed","ping_status":"closed","template":"","meta":{"footnotes":""},"class_list":["post-16","page","type-page","status-publish","hentry"],"_links":{"self":[{"href":"https:\/\/anandaphne.fr\/index.php\/wp-json\/wp\/v2\/pages\/16","targetHints":{"allow":["GET"]}}],"collection":[{"href":"https:\/\/anandaphne.fr\/index.php\/wp-json\/wp\/v2\/pages"}],"about":[{"href":"https:\/\/anandaphne.fr\/index.php\/wp-json\/wp\/v2\/types\/page"}],"author":[{"embeddable":true,"href":"https:\/\/anandaphne.fr\/index.php\/wp-json\/wp\/v2\/users\/1"}],"replies":[{"embeddable":true,"href":"https:\/\/anandaphne.fr\/index.php\/wp-json\/wp\/v2\/comments?post=16"}],"version-history":[{"count":1,"href":"https:\/\/anandaphne.fr\/index.php\/wp-json\/wp\/v2\/pages\/16\/revisions"}],"predecessor-version":[{"id":17,"href":"https:\/\/anandaphne.fr\/index.php\/wp-json\/wp\/v2\/pages\/16\/revisions\/17"}],"wp:attachment":[{"href":"https:\/\/anandaphne.fr\/index.php\/wp-json\/wp\/v2\/media?parent=16"}],"curies":[{"name":"wp","href":"https:\/\/api.w.org\/{rel}","templated":true}]}}